{"id":1580,"date":"2025-01-08T11:14:51","date_gmt":"2025-01-08T10:14:51","guid":{"rendered":"https:\/\/lesamisdupas.fr\/?page_id=1580"},"modified":"2025-02-28T09:05:18","modified_gmt":"2025-02-28T08:05:18","slug":"elementor-1580","status":"publish","type":"page","link":"https:\/\/lesamisdupas.fr\/?page_id=1580","title":{"rendered":"Planning"},"content":{"rendered":"\t\t<div data-elementor-type=\"wp-page\" data-elementor-id=\"1580\" class=\"elementor elementor-1580\">\n\t\t\t\t<div class=\"elementor-element elementor-element-d2ecaac e-flex e-con-boxed e-con e-parent\" data-id=\"d2ecaac\" data-element_type=\"container\">\n\t\t\t\t\t<div class=\"e-con-inner\">\n\t\t\t\t<div class=\"elementor-element elementor-element-0a3b5a0 elementor-widget elementor-widget-heading\" data-id=\"0a3b5a0\" data-element_type=\"widget\" data-widget_type=\"heading.default\">\n\t\t\t\t<div class=\"elementor-widget-container\">\n\t\t\t\t\t<h2 class=\"elementor-heading-title elementor-size-default\">Planning<\/h2>\t\t\t\t<\/div>\n\t\t\t\t<\/div>\n\t\t\t\t\t<\/div>\n\t\t\t\t<\/div>\n\t\t<div class=\"elementor-element elementor-element-31269dd e-flex e-con-boxed e-con e-parent\" data-id=\"31269dd\" data-element_type=\"container\">\n\t\t\t\t\t<div class=\"e-con-inner\">\n\t\t\t\t<div class=\"elementor-element elementor-element-637b1ce elementor-widget elementor-widget-text-editor\" data-id=\"637b1ce\" data-element_type=\"widget\" data-widget_type=\"text-editor.default\">\n\t\t\t\t<div class=\"elementor-widget-container\">\n\t\t\t\t\t\t\t\t\t<p>D\u00e9couvrez le planning hebdomadaire du GEM, ainsi que les \u00e9v\u00e9nements \u00e0 venir.<\/p>\t\t\t\t\t\t\t\t<\/div>\n\t\t\t\t<\/div>\n\t\t\t\t\t<\/div>\n\t\t\t\t<\/div>\n\t\t<div class=\"elementor-element elementor-element-82c9136 e-flex e-con-boxed e-con e-parent\" data-id=\"82c9136\" data-element_type=\"container\">\n\t\t\t\t\t<div class=\"e-con-inner\">\n\t\t\t\t<div class=\"elementor-element elementor-element-06646b8 elementor-widget elementor-widget-text-editor\" data-id=\"06646b8\" data-element_type=\"widget\" data-widget_type=\"text-editor.default\">\n\t\t\t\t<div class=\"elementor-widget-container\">\n\t\t\t\t\t\t\t\t\t<h3 class=\"has-custom-bleu-fonc-color has-text-color has-link-color wp-elements-6790ede5d48c858cdc48c82f71307721\">LUNDI\u00a0<\/h3><p class=\"has-custom-bleu-fonc-color has-text-color has-link-color wp-elements-6790ede5d48c858cdc48c82f71307721\">10h30-16h30<br \/>Gym douce, Qi gong\u2026<\/p><p class=\"has-custom-corail-color has-text-color has-link-color wp-elements-61d637609e125b1800acaf5841d4ae74\"><em>Confection d\u2019un repas bio*<\/em><\/p><p class=\"has-contrast-color has-text-color has-link-color wp-elements-5afddaceb487dedf3c6215e17f68bca3\">(14h30 : temps d\u2019aum\u00f4nerie)<\/p>\t\t\t\t\t\t\t\t<\/div>\n\t\t\t\t<\/div>\n\t\t\t\t<div class=\"elementor-element elementor-element-93cb5a2 elementor-widget elementor-widget-text-editor\" data-id=\"93cb5a2\" data-element_type=\"widget\" data-widget_type=\"text-editor.default\">\n\t\t\t\t<div class=\"elementor-widget-container\">\n\t\t\t\t\t\t\t\t\t<h3 class=\"has-custom-bleu-fonc-color has-text-color has-link-color wp-elements-6790ede5d48c858cdc48c82f71307721\">MARDI\u00a0<\/h3><p class=\"has-custom-bleu-color has-text-color has-link-color wp-elements-e567fd254eb1cbf8e2975bd21b832031\">10h30-17h<br \/>Temps de pri\u00e8re (facultatif) ou \u00ab rencontres-\u00e9changes \u00bb (2\u00e8me mardi du mois)<\/p><p class=\"has-custom-corail-color has-text-color has-link-color wp-elements-1027fa31e8eae1da7a07ad0e0b6fd633\"><em>Repas*<\/em><\/p><p>Sorties ou activit\u00e9s<\/p>\t\t\t\t\t\t\t\t<\/div>\n\t\t\t\t<\/div>\n\t\t\t\t<div class=\"elementor-element elementor-element-1d3c421 elementor-widget elementor-widget-text-editor\" data-id=\"1d3c421\" data-element_type=\"widget\" data-widget_type=\"text-editor.default\">\n\t\t\t\t<div class=\"elementor-widget-container\">\n\t\t\t\t\t\t\t\t\t<h3 class=\"has-custom-bleu-fonc-color has-text-color has-link-color wp-elements-6790ede5d48c858cdc48c82f71307721\">MERCREDI\u00a0<\/h3><p class=\"has-custom-bleu-color has-text-color has-link-color wp-elements-71ebcf6d038633a3284ee79bbea3ddfa\">14h-16h30<br \/>Ateliers Arts Plastiques<\/p>\t\t\t\t\t\t\t\t<\/div>\n\t\t\t\t<\/div>\n\t\t\t\t<div class=\"elementor-element elementor-element-72dafd2 elementor-widget elementor-widget-text-editor\" data-id=\"72dafd2\" data-element_type=\"widget\" data-widget_type=\"text-editor.default\">\n\t\t\t\t<div class=\"elementor-widget-container\">\n\t\t\t\t\t\t\t\t\t<h3 class=\"has-custom-bleu-fonc-color has-text-color has-link-color wp-elements-6790ede5d48c858cdc48c82f71307721\">JEUDI\u00a0<\/h3><p class=\"has-custom-bleu-color has-text-color has-link-color wp-elements-e567fd254eb1cbf8e2975bd21b832031\">10h30-17h<br \/>March\u00e9<\/p><p class=\"has-custom-corail-color has-text-color has-link-color wp-elements-4d25615bc0da28400784c3205cff2e86\"><em>Confection du repas*<\/em><\/p><p class=\"has-contrast-color has-text-color has-link-color wp-elements-3ea28c52257164f57cefd12685ebc650\">Activit\u00e9s selon vos propositions (th\u00e9\u00e2tre, jeux de soci\u00e9t\u00e9, chant\u2026)<\/p>\t\t\t\t\t\t\t\t<\/div>\n\t\t\t\t<\/div>\n\t\t\t\t<div class=\"elementor-element elementor-element-1993f31 elementor-widget elementor-widget-text-editor\" data-id=\"1993f31\" data-element_type=\"widget\" data-widget_type=\"text-editor.default\">\n\t\t\t\t<div class=\"elementor-widget-container\">\n\t\t\t\t\t\t\t\t\t<h3 class=\"has-custom-bleu-fonc-color has-text-color has-link-color wp-elements-6790ede5d48c858cdc48c82f71307721\"><strong>LE 2\u00c8ME DIMANCHE DE CHAQUE MOIS<\/strong><\/h3><p class=\"has-custom-bleu-color has-text-color has-link-color wp-elements-e567fd254eb1cbf8e2975bd21b832031\">10h30-17h<br \/>Apportez votre pique-nique et rendez-vous pour une sortie culturelle<\/p>\t\t\t\t\t\t\t\t<\/div>\n\t\t\t\t<\/div>\n\t\t\t\t\t<\/div>\n\t\t\t\t<\/div>\n\t\t<div class=\"elementor-element elementor-element-f500217 e-flex e-con-boxed e-con e-parent\" data-id=\"f500217\" data-element_type=\"container\">\n\t\t\t\t\t<div class=\"e-con-inner\">\n\t\t\t\t<div class=\"elementor-element elementor-element-da65be5 elementor-widget elementor-widget-heading\" data-id=\"da65be5\" data-element_type=\"widget\" data-widget_type=\"heading.default\">\n\t\t\t\t<div class=\"elementor-widget-container\">\n\t\t\t\t\t<p class=\"elementor-heading-title elementor-size-default\"><i>*Participation financi\u00e8re.<\/i><\/p>\t\t\t\t<\/div>\n\t\t\t\t<\/div>\n\t\t\t\t\t<\/div>\n\t\t\t\t<\/div>\n\t\t<div class=\"elementor-element elementor-element-818e67e e-flex e-con-boxed e-con e-parent\" data-id=\"818e67e\" data-element_type=\"container\">\n\t\t\t\t\t<div class=\"e-con-inner\">\n\t\t\t\t<div class=\"elementor-element elementor-element-008ce73 elementor-widget elementor-widget-heading\" data-id=\"008ce73\" data-element_type=\"widget\" data-widget_type=\"heading.default\">\n\t\t\t\t<div class=\"elementor-widget-container\">\n\t\t\t\t\t<h2 class=\"elementor-heading-title elementor-size-default\">Les \u00e9v\u00e8nements \u00e0 venir<\/h2>\t\t\t\t<\/div>\n\t\t\t\t<\/div>\n\t\t\t\t<div class=\"elementor-element elementor-element-97e4e3e elementor-align-center elementor-widget elementor-widget-button\" data-id=\"97e4e3e\" data-element_type=\"widget\" data-widget_type=\"button.default\">\n\t\t\t\t<div class=\"elementor-widget-container\">\n\t\t\t\t\t\t\t\t\t<div class=\"elementor-button-wrapper\">\n\t\t\t\t\t<a class=\"elementor-button elementor-button-link elementor-size-sm\" href=\"https:\/\/lesamisdupas.fr\/?page_id=1435\">\n\t\t\t\t\t\t<span class=\"elementor-button-content-wrapper\">\n\t\t\t\t\t\t\t\t\t<span class=\"elementor-button-text\">D\u00e9couvrir<\/span>\n\t\t\t\t\t<\/span>\n\t\t\t\t\t<\/a>\n\t\t\t\t<\/div>\n\t\t\t\t\t\t\t\t<\/div>\n\t\t\t\t<\/div>\n\t\t\t\t\t<\/div>\n\t\t\t\t<\/div>\n\t\t\t\t<\/div>\n\t\t","protected":false},"excerpt":{"rendered":"<p>Planning D\u00e9couvrez le planning hebdomadaire du GEM, ainsi que les \u00e9v\u00e9nements \u00e0 venir. LUNDI\u00a0 10h30-16h30Gym douce, Qi gong\u2026 Confection d\u2019un repas bio* (14h30 : temps d\u2019aum\u00f4nerie) MARDI\u00a0 10h30-17hTemps de pri\u00e8re (facultatif) ou \u00ab rencontres-\u00e9changes \u00bb (2\u00e8me mardi du mois) Repas* Sorties ou activit\u00e9s MERCREDI\u00a0 14h-16h30Ateliers Arts Plastiques JEUDI\u00a0 10h30-17hMarch\u00e9 Confection du repas* Activit\u00e9s selon vos [&hellip;]<\/p>\n","protected":false},"author":1,"featured_media":0,"parent":0,"menu_order":0,"comment_status":"closed","ping_status":"closed","template":"","meta":{"footnotes":""},"class_list":["post-1580","page","type-page","status-publish","hentry"],"blocksy_meta":[],"_links":{"self":[{"href":"https:\/\/lesamisdupas.fr\/index.php?rest_route=\/wp\/v2\/pages\/1580","targetHints":{"allow":["GET"]}}],"collection":[{"href":"https:\/\/lesamisdupas.fr\/index.php?rest_route=\/wp\/v2\/pages"}],"about":[{"href":"https:\/\/lesamisdupas.fr\/index.php?rest_route=\/wp\/v2\/types\/page"}],"author":[{"embeddable":true,"href":"https:\/\/lesamisdupas.fr\/index.php?rest_route=\/wp\/v2\/users\/1"}],"replies":[{"embeddable":true,"href":"https:\/\/lesamisdupas.fr\/index.php?rest_route=%2Fwp%2Fv2%2Fcomments&post=1580"}],"version-history":[{"count":14,"href":"https:\/\/lesamisdupas.fr\/index.php?rest_route=\/wp\/v2\/pages\/1580\/revisions"}],"predecessor-version":[{"id":1665,"href":"https:\/\/lesamisdupas.fr\/index.php?rest_route=\/wp\/v2\/pages\/1580\/revisions\/1665"}],"wp:attachment":[{"href":"https:\/\/lesamisdupas.fr\/index.php?rest_route=%2Fwp%2Fv2%2Fmedia&parent=1580"}],"curies":[{"name":"wp","href":"https:\/\/api.w.org\/{rel}","templated":true}]}}