{"id":1347,"date":"2022-06-29T07:03:37","date_gmt":"2022-06-29T07:03:37","guid":{"rendered":"https:\/\/startersites.io\/elementor\/web-agency\/?page_id=1347"},"modified":"2025-02-28T09:06:26","modified_gmt":"2025-02-28T08:06:26","slug":"nos-activites","status":"publish","type":"page","link":"https:\/\/lesamisdupas.fr\/?page_id=1347","title":{"rendered":"Nos activit\u00e9s"},"content":{"rendered":"\t\t<div data-elementor-type=\"wp-page\" data-elementor-id=\"1347\" class=\"elementor elementor-1347\">\n\t\t\t\t<div class=\"elementor-element elementor-element-24d3a25 e-con-full e-flex e-con e-parent\" data-id=\"24d3a25\" data-element_type=\"container\">\n\t\t<div class=\"elementor-element elementor-element-79ee1ff e-con-full e-flex e-con e-child\" data-id=\"79ee1ff\" data-element_type=\"container\" data-settings=\"{&quot;background_background&quot;:&quot;classic&quot;}\">\n\t\t<div class=\"elementor-element elementor-element-1becb30 e-flex e-con-boxed e-con e-child\" data-id=\"1becb30\" data-element_type=\"container\">\n\t\t\t\t\t<div class=\"e-con-inner\">\n\t\t\t\t<div class=\"elementor-element elementor-element-9ba116b elementor-widget elementor-widget-shortcode\" data-id=\"9ba116b\" data-element_type=\"widget\" data-widget_type=\"shortcode.default\">\n\t\t\t\t<div class=\"elementor-widget-container\">\n\t\t\t\t\t\t\t<div class=\"elementor-shortcode\"><\/div>\n\t\t\t\t\t\t<\/div>\n\t\t\t\t<\/div>\n\t\t\t\t<div class=\"elementor-element elementor-element-2b6325b elementor-widget__width-initial elementor-widget-tablet__width-inherit elementor-widget elementor-widget-heading\" data-id=\"2b6325b\" data-element_type=\"widget\" data-widget_type=\"heading.default\">\n\t\t\t\t<div class=\"elementor-widget-container\">\n\t\t\t\t\t<h2 class=\"elementor-heading-title elementor-size-default\">Les activit\u00e9s du GEM<\/h2>\t\t\t\t<\/div>\n\t\t\t\t<\/div>\n\t\t\t\t\t<\/div>\n\t\t\t\t<\/div>\n\t\t\t\t<\/div>\n\t\t\t\t<\/div>\n\t\t<div class=\"elementor-element elementor-element-36a5669 e-flex e-con-boxed e-con e-parent\" data-id=\"36a5669\" data-element_type=\"container\">\n\t\t\t\t\t<div class=\"e-con-inner\">\n\t\t<div class=\"elementor-element elementor-element-1dd5088 e-con-full e-flex e-con e-child\" data-id=\"1dd5088\" data-element_type=\"container\">\n\t\t\t\t<div class=\"elementor-element elementor-element-f0df1db elementor-widget elementor-widget-image\" data-id=\"f0df1db\" data-element_type=\"widget\" data-widget_type=\"image.default\">\n\t\t\t\t<div class=\"elementor-widget-container\">\n\t\t\t\t\t\t\t\t\t\t\t\t\t\t\t<img fetchpriority=\"high\" decoding=\"async\" width=\"683\" height=\"1024\" src=\"https:\/\/lesamisdupas.fr\/wp-content\/uploads\/2025\/01\/julio-lopez-i2_kSnhQNJU-unsplash-1-683x1024.jpg\" class=\"attachment-large size-large wp-image-1495\" alt=\"\" srcset=\"https:\/\/lesamisdupas.fr\/wp-content\/uploads\/2025\/01\/julio-lopez-i2_kSnhQNJU-unsplash-1-683x1024.jpg 683w, https:\/\/lesamisdupas.fr\/wp-content\/uploads\/2025\/01\/julio-lopez-i2_kSnhQNJU-unsplash-1-200x300.jpg 200w, https:\/\/lesamisdupas.fr\/wp-content\/uploads\/2025\/01\/julio-lopez-i2_kSnhQNJU-unsplash-1-768x1152.jpg 768w, https:\/\/lesamisdupas.fr\/wp-content\/uploads\/2025\/01\/julio-lopez-i2_kSnhQNJU-unsplash-1-1024x1536.jpg 1024w, https:\/\/lesamisdupas.fr\/wp-content\/uploads\/2025\/01\/julio-lopez-i2_kSnhQNJU-unsplash-1-1365x2048.jpg 1365w, https:\/\/lesamisdupas.fr\/wp-content\/uploads\/2025\/01\/julio-lopez-i2_kSnhQNJU-unsplash-1-scaled.jpg 1707w\" sizes=\"(max-width: 683px) 100vw, 683px\" \/>\t\t\t\t\t\t\t\t\t\t\t\t\t\t\t<\/div>\n\t\t\t\t<\/div>\n\t\t\t\t<\/div>\n\t\t<div class=\"elementor-element elementor-element-ec55fe0 e-con-full e-flex e-con e-child\" data-id=\"ec55fe0\" data-element_type=\"container\">\n\t\t\t\t<div class=\"elementor-element elementor-element-a6949b7 elementor-widget elementor-widget-heading\" data-id=\"a6949b7\" data-element_type=\"widget\" data-widget_type=\"heading.default\">\n\t\t\t\t<div class=\"elementor-widget-container\">\n\t\t\t\t\t<h2 class=\"elementor-heading-title elementor-size-default\">Qi gong<\/h2>\t\t\t\t<\/div>\n\t\t\t\t<\/div>\n\t\t\t\t<div class=\"elementor-element elementor-element-88fb378 elementor-widget elementor-widget-text-editor\" data-id=\"88fb378\" data-element_type=\"widget\" data-widget_type=\"text-editor.default\">\n\t\t\t\t<div class=\"elementor-widget-container\">\n\t\t\t\t\t\t\t\t\t<p>Avec ses mouvements doux et sa respiration consciente, le Qi gong apaise.<\/p><p>Cette pratique permet de lib\u00e9rer les tensions, de retrouver un \u00e9quilibre int\u00e9rieur tout en cultivant un sentiment de calme et de bien-\u00eatre.<\/p>\t\t\t\t\t\t\t\t<\/div>\n\t\t\t\t<\/div>\n\t\t\t\t<\/div>\n\t\t\t\t\t<\/div>\n\t\t\t\t<\/div>\n\t\t<div class=\"elementor-element elementor-element-54b54d9 e-flex e-con-boxed e-con e-parent\" data-id=\"54b54d9\" data-element_type=\"container\">\n\t\t\t\t\t<div class=\"e-con-inner\">\n\t\t<div class=\"elementor-element elementor-element-926bf62 e-con-full e-flex e-con e-child\" data-id=\"926bf62\" data-element_type=\"container\">\n\t\t\t\t<div class=\"elementor-element elementor-element-693562e elementor-widget elementor-widget-heading\" data-id=\"693562e\" data-element_type=\"widget\" data-widget_type=\"heading.default\">\n\t\t\t\t<div class=\"elementor-widget-container\">\n\t\t\t\t\t<h2 class=\"elementor-heading-title elementor-size-default\">Arts Plastiques<\/h2>\t\t\t\t<\/div>\n\t\t\t\t<\/div>\n\t\t\t\t<div class=\"elementor-element elementor-element-3787439 elementor-widget elementor-widget-text-editor\" data-id=\"3787439\" data-element_type=\"widget\" data-widget_type=\"text-editor.default\">\n\t\t\t\t<div class=\"elementor-widget-container\">\n\t\t\t\t\t\t\t\t\t<p>\u00c0 travers la manipulation des formes, des mati\u00e8res et des couleurs, les Arts Plastiques aident \u00e0 retranscrire vos sentiments.<\/p><p>En transformant physiquement ces \u00e9motions en formes concr\u00e8tes, on cr\u00e9e une connexion apaisante avec son corps et son esprit.<\/p>\t\t\t\t\t\t\t\t<\/div>\n\t\t\t\t<\/div>\n\t\t\t\t<\/div>\n\t\t<div class=\"elementor-element elementor-element-0859f4b e-con-full e-flex e-con e-child\" data-id=\"0859f4b\" data-element_type=\"container\">\n\t\t\t\t<div class=\"elementor-element elementor-element-8a9247a elementor-widget elementor-widget-image\" data-id=\"8a9247a\" data-element_type=\"widget\" data-widget_type=\"image.default\">\n\t\t\t\t<div class=\"elementor-widget-container\">\n\t\t\t\t\t\t\t\t\t\t\t\t\t\t\t<img decoding=\"async\" width=\"768\" height=\"1024\" src=\"https:\/\/lesamisdupas.fr\/wp-content\/uploads\/2025\/01\/IMG_2240-768x1024.jpg\" class=\"attachment-large size-large wp-image-1471\" alt=\"\" srcset=\"https:\/\/lesamisdupas.fr\/wp-content\/uploads\/2025\/01\/IMG_2240-768x1024.jpg 768w, https:\/\/lesamisdupas.fr\/wp-content\/uploads\/2025\/01\/IMG_2240-225x300.jpg 225w, https:\/\/lesamisdupas.fr\/wp-content\/uploads\/2025\/01\/IMG_2240-1152x1536.jpg 1152w, https:\/\/lesamisdupas.fr\/wp-content\/uploads\/2025\/01\/IMG_2240-1536x2048.jpg 1536w, https:\/\/lesamisdupas.fr\/wp-content\/uploads\/2025\/01\/IMG_2240-scaled.jpg 1920w\" sizes=\"(max-width: 768px) 100vw, 768px\" \/>\t\t\t\t\t\t\t\t\t\t\t\t\t\t\t<\/div>\n\t\t\t\t<\/div>\n\t\t\t\t<\/div>\n\t\t\t\t\t<\/div>\n\t\t\t\t<\/div>\n\t\t<div class=\"elementor-element elementor-element-c4c308d e-flex e-con-boxed e-con e-parent\" data-id=\"c4c308d\" data-element_type=\"container\">\n\t\t\t\t\t<div class=\"e-con-inner\">\n\t\t<div class=\"elementor-element elementor-element-3e85bec e-con-full e-flex e-con e-child\" data-id=\"3e85bec\" data-element_type=\"container\">\n\t\t\t\t<div class=\"elementor-element elementor-element-08ea5d8 elementor-widget elementor-widget-image\" data-id=\"08ea5d8\" data-element_type=\"widget\" data-widget_type=\"image.default\">\n\t\t\t\t<div class=\"elementor-widget-container\">\n\t\t\t\t\t\t\t\t\t\t\t\t\t\t\t<img decoding=\"async\" width=\"1024\" height=\"683\" src=\"https:\/\/lesamisdupas.fr\/wp-content\/uploads\/2025\/02\/ricky-singh-rTikKt6ir5g-unsplash-1024x683.jpg\" class=\"attachment-large size-large wp-image-1652\" alt=\"\" srcset=\"https:\/\/lesamisdupas.fr\/wp-content\/uploads\/2025\/02\/ricky-singh-rTikKt6ir5g-unsplash-1024x683.jpg 1024w, https:\/\/lesamisdupas.fr\/wp-content\/uploads\/2025\/02\/ricky-singh-rTikKt6ir5g-unsplash-300x200.jpg 300w, https:\/\/lesamisdupas.fr\/wp-content\/uploads\/2025\/02\/ricky-singh-rTikKt6ir5g-unsplash-768x512.jpg 768w, https:\/\/lesamisdupas.fr\/wp-content\/uploads\/2025\/02\/ricky-singh-rTikKt6ir5g-unsplash-1536x1024.jpg 1536w, https:\/\/lesamisdupas.fr\/wp-content\/uploads\/2025\/02\/ricky-singh-rTikKt6ir5g-unsplash-2048x1365.jpg 2048w\" sizes=\"(max-width: 1024px) 100vw, 1024px\" \/>\t\t\t\t\t\t\t\t\t\t\t\t\t\t\t<\/div>\n\t\t\t\t<\/div>\n\t\t\t\t<\/div>\n\t\t<div class=\"elementor-element elementor-element-634b911 e-con-full e-flex e-con e-child\" data-id=\"634b911\" data-element_type=\"container\">\n\t\t\t\t<div class=\"elementor-element elementor-element-a93a061 elementor-widget elementor-widget-heading\" data-id=\"a93a061\" data-element_type=\"widget\" data-widget_type=\"heading.default\">\n\t\t\t\t<div class=\"elementor-widget-container\">\n\t\t\t\t\t<h2 class=\"elementor-heading-title elementor-size-default\">Musique intuitive<\/h2>\t\t\t\t<\/div>\n\t\t\t\t<\/div>\n\t\t\t\t<div class=\"elementor-element elementor-element-f343807 elementor-widget elementor-widget-text-editor\" data-id=\"f343807\" data-element_type=\"widget\" data-widget_type=\"text-editor.default\">\n\t\t\t\t<div class=\"elementor-widget-container\">\n\t\t\t\t\t\t\t\t\t<p>La musique intuitive permet \u00e0 chacun d\u2019explorer librement le son et le rythme, sans besoin de savoir jouer d\u2019un instrument. En jouant avec des percussions ou des carillons, les participants cr\u00e9ent ensemble des m\u00e9lodies harmonieuses, port\u00e9es par l\u2019\u00e9coute et la spontan\u00e9it\u00e9.<\/p><p data-start=\"378\" data-end=\"527\" data-is-last-node=\"\" data-is-only-node=\"\">Un moment de partage et de bien-\u00eatre, o\u00f9 la musique na\u00eet naturellement de la synergie de chacun.<\/p>\t\t\t\t\t\t\t\t<\/div>\n\t\t\t\t<\/div>\n\t\t\t\t<\/div>\n\t\t\t\t\t<\/div>\n\t\t\t\t<\/div>\n\t\t<div class=\"elementor-element elementor-element-d5beaba e-flex e-con-boxed e-con e-parent\" data-id=\"d5beaba\" data-element_type=\"container\">\n\t\t\t\t\t<div class=\"e-con-inner\">\n\t\t<div class=\"elementor-element elementor-element-b2aeedb e-con-full e-flex e-con e-child\" data-id=\"b2aeedb\" data-element_type=\"container\">\n\t\t\t\t<div class=\"elementor-element elementor-element-4ef5425 elementor-widget elementor-widget-heading\" data-id=\"4ef5425\" data-element_type=\"widget\" data-widget_type=\"heading.default\">\n\t\t\t\t<div class=\"elementor-widget-container\">\n\t\t\t\t\t<h2 class=\"elementor-heading-title elementor-size-default\">\u00c9criture<\/h2>\t\t\t\t<\/div>\n\t\t\t\t<\/div>\n\t\t\t\t<div class=\"elementor-element elementor-element-3329d50 elementor-widget elementor-widget-text-editor\" data-id=\"3329d50\" data-element_type=\"widget\" data-widget_type=\"text-editor.default\">\n\t\t\t\t<div class=\"elementor-widget-container\">\n\t\t\t\t\t\t\t\t\t<p>Art du langage, l\u2019\u00e9criture permet de mettre des mots sur sur ses maux ou sur ses \u00e9motions. Le geste d\u2019\u00e9crire, qu\u2019il s\u2019agisse de r\u00e9cits, de po\u00e8mes ou de simples r\u00e9flexions, permet de clarifier les ressentis.<\/p><p>Elle permet \u00e9galement d\u2019explorer son imagination, ouvrant la porte \u00e0 une expression libre et cr\u00e9ative.<\/p>\t\t\t\t\t\t\t\t<\/div>\n\t\t\t\t<\/div>\n\t\t\t\t<\/div>\n\t\t<div class=\"elementor-element elementor-element-358b863 e-con-full e-flex e-con e-child\" data-id=\"358b863\" data-element_type=\"container\">\n\t\t\t\t<div class=\"elementor-element elementor-element-d92d1fb elementor-widget elementor-widget-image\" data-id=\"d92d1fb\" data-element_type=\"widget\" data-widget_type=\"image.default\">\n\t\t\t\t<div class=\"elementor-widget-container\">\n\t\t\t\t\t\t\t\t\t\t\t\t\t\t\t<img loading=\"lazy\" decoding=\"async\" width=\"683\" height=\"1024\" src=\"https:\/\/lesamisdupas.fr\/wp-content\/uploads\/2025\/01\/marcos-paulo-prado-tcyW6Im5Uug-unsplash-683x1024.jpg\" class=\"attachment-large size-large wp-image-34\" alt=\"\" srcset=\"https:\/\/lesamisdupas.fr\/wp-content\/uploads\/2025\/01\/marcos-paulo-prado-tcyW6Im5Uug-unsplash-683x1024.jpg 683w, https:\/\/lesamisdupas.fr\/wp-content\/uploads\/2025\/01\/marcos-paulo-prado-tcyW6Im5Uug-unsplash-200x300.jpg 200w, https:\/\/lesamisdupas.fr\/wp-content\/uploads\/2025\/01\/marcos-paulo-prado-tcyW6Im5Uug-unsplash-768x1152.jpg 768w, https:\/\/lesamisdupas.fr\/wp-content\/uploads\/2025\/01\/marcos-paulo-prado-tcyW6Im5Uug-unsplash-1024x1536.jpg 1024w, https:\/\/lesamisdupas.fr\/wp-content\/uploads\/2025\/01\/marcos-paulo-prado-tcyW6Im5Uug-unsplash-1365x2048.jpg 1365w, https:\/\/lesamisdupas.fr\/wp-content\/uploads\/2025\/01\/marcos-paulo-prado-tcyW6Im5Uug-unsplash-scaled.jpg 1707w\" sizes=\"(max-width: 683px) 100vw, 683px\" \/>\t\t\t\t\t\t\t\t\t\t\t\t\t\t\t<\/div>\n\t\t\t\t<\/div>\n\t\t\t\t<\/div>\n\t\t\t\t\t<\/div>\n\t\t\t\t<\/div>\n\t\t<div class=\"elementor-element elementor-element-71912c9 e-flex e-con-boxed e-con e-parent\" data-id=\"71912c9\" data-element_type=\"container\">\n\t\t\t\t\t<div class=\"e-con-inner\">\n\t\t<div class=\"elementor-element elementor-element-eb42f79 e-con-full e-flex e-con e-child\" data-id=\"eb42f79\" data-element_type=\"container\">\n\t\t\t\t<div class=\"elementor-element elementor-element-1fc7150 elementor-widget elementor-widget-image\" data-id=\"1fc7150\" data-element_type=\"widget\" data-widget_type=\"image.default\">\n\t\t\t\t<div class=\"elementor-widget-container\">\n\t\t\t\t\t\t\t\t\t\t\t\t\t\t\t<img loading=\"lazy\" decoding=\"async\" width=\"683\" height=\"1024\" src=\"https:\/\/lesamisdupas.fr\/wp-content\/uploads\/2025\/01\/isaac-ibbott-Hlo8ucqYL14-unsplash-683x1024.jpg\" class=\"attachment-large size-large wp-image-1597\" alt=\"\" srcset=\"https:\/\/lesamisdupas.fr\/wp-content\/uploads\/2025\/01\/isaac-ibbott-Hlo8ucqYL14-unsplash-683x1024.jpg 683w, https:\/\/lesamisdupas.fr\/wp-content\/uploads\/2025\/01\/isaac-ibbott-Hlo8ucqYL14-unsplash-200x300.jpg 200w, https:\/\/lesamisdupas.fr\/wp-content\/uploads\/2025\/01\/isaac-ibbott-Hlo8ucqYL14-unsplash-768x1152.jpg 768w, https:\/\/lesamisdupas.fr\/wp-content\/uploads\/2025\/01\/isaac-ibbott-Hlo8ucqYL14-unsplash-1024x1536.jpg 1024w, https:\/\/lesamisdupas.fr\/wp-content\/uploads\/2025\/01\/isaac-ibbott-Hlo8ucqYL14-unsplash-1365x2048.jpg 1365w, https:\/\/lesamisdupas.fr\/wp-content\/uploads\/2025\/01\/isaac-ibbott-Hlo8ucqYL14-unsplash-scaled.jpg 1707w\" sizes=\"(max-width: 683px) 100vw, 683px\" \/>\t\t\t\t\t\t\t\t\t\t\t\t\t\t\t<\/div>\n\t\t\t\t<\/div>\n\t\t\t\t<\/div>\n\t\t<div class=\"elementor-element elementor-element-a38760a e-con-full e-flex e-con e-child\" data-id=\"a38760a\" data-element_type=\"container\">\n\t\t\t\t<div class=\"elementor-element elementor-element-6a3617a elementor-widget elementor-widget-heading\" data-id=\"6a3617a\" data-element_type=\"widget\" data-widget_type=\"heading.default\">\n\t\t\t\t<div class=\"elementor-widget-container\">\n\t\t\t\t\t<h2 class=\"elementor-heading-title elementor-size-default\">Chant<\/h2>\t\t\t\t<\/div>\n\t\t\t\t<\/div>\n\t\t\t\t<div class=\"elementor-element elementor-element-7359257 elementor-widget elementor-widget-text-editor\" data-id=\"7359257\" data-element_type=\"widget\" data-widget_type=\"text-editor.default\">\n\t\t\t\t<div class=\"elementor-widget-container\">\n\t\t\t\t\t\t\t\t\t<p>Le chant offre un moment de lib\u00e9ration, permettant de se reconnecter \u00e0 son corps et \u00e0 ses ressentis.<\/p><p>La voix est un instrument de r\u00e9appropriation de soi.<\/p>\t\t\t\t\t\t\t\t<\/div>\n\t\t\t\t<\/div>\n\t\t\t\t<\/div>\n\t\t\t\t\t<\/div>\n\t\t\t\t<\/div>\n\t\t<div class=\"elementor-element elementor-element-23778c1 e-flex e-con-boxed e-con e-parent\" data-id=\"23778c1\" data-element_type=\"container\">\n\t\t\t\t\t<div class=\"e-con-inner\">\n\t\t<div class=\"elementor-element elementor-element-ed1aa05 e-con-full e-flex e-con e-child\" data-id=\"ed1aa05\" data-element_type=\"container\">\n\t\t\t\t<div class=\"elementor-element elementor-element-cfd9b39 elementor-widget elementor-widget-heading\" data-id=\"cfd9b39\" data-element_type=\"widget\" data-widget_type=\"heading.default\">\n\t\t\t\t<div class=\"elementor-widget-container\">\n\t\t\t\t\t<h2 class=\"elementor-heading-title elementor-size-default\">Jeux de soci\u00e9t\u00e9<\/h2>\t\t\t\t<\/div>\n\t\t\t\t<\/div>\n\t\t\t\t<div class=\"elementor-element elementor-element-096d16f elementor-widget elementor-widget-text-editor\" data-id=\"096d16f\" data-element_type=\"widget\" data-widget_type=\"text-editor.default\">\n\t\t\t\t<div class=\"elementor-widget-container\">\n\t\t\t\t\t\t\t\t\t<p>Au-del\u00e0 du simple divertissement, le jeu est un moyen de renforcer les liens sociaux et de stimuler l\u2019esprit. Ils favorisent l\u2019\u00e9change, la coop\u00e9ration et la convivialit\u00e9, refl\u00e9tant ainsi l\u2019esprit de notre GEM.<\/p>\t\t\t\t\t\t\t\t<\/div>\n\t\t\t\t<\/div>\n\t\t\t\t<\/div>\n\t\t<div class=\"elementor-element elementor-element-e5ee0ec e-con-full e-flex e-con e-child\" data-id=\"e5ee0ec\" data-element_type=\"container\">\n\t\t\t\t<div class=\"elementor-element elementor-element-d300dc4 elementor-widget elementor-widget-image\" data-id=\"d300dc4\" data-element_type=\"widget\" data-widget_type=\"image.default\">\n\t\t\t\t<div class=\"elementor-widget-container\">\n\t\t\t\t\t\t\t\t\t\t\t\t\t\t\t<img loading=\"lazy\" decoding=\"async\" width=\"683\" height=\"1024\" src=\"https:\/\/lesamisdupas.fr\/wp-content\/uploads\/2025\/01\/phil-hearing-LncCgJXNP-k-unsplash-683x1024.jpg\" class=\"attachment-large size-large wp-image-1464\" alt=\"\" srcset=\"https:\/\/lesamisdupas.fr\/wp-content\/uploads\/2025\/01\/phil-hearing-LncCgJXNP-k-unsplash-683x1024.jpg 683w, https:\/\/lesamisdupas.fr\/wp-content\/uploads\/2025\/01\/phil-hearing-LncCgJXNP-k-unsplash-200x300.jpg 200w, https:\/\/lesamisdupas.fr\/wp-content\/uploads\/2025\/01\/phil-hearing-LncCgJXNP-k-unsplash-768x1151.jpg 768w, https:\/\/lesamisdupas.fr\/wp-content\/uploads\/2025\/01\/phil-hearing-LncCgJXNP-k-unsplash-1025x1536.jpg 1025w, https:\/\/lesamisdupas.fr\/wp-content\/uploads\/2025\/01\/phil-hearing-LncCgJXNP-k-unsplash-1366x2048.jpg 1366w, https:\/\/lesamisdupas.fr\/wp-content\/uploads\/2025\/01\/phil-hearing-LncCgJXNP-k-unsplash-scaled.jpg 1708w\" sizes=\"(max-width: 683px) 100vw, 683px\" \/>\t\t\t\t\t\t\t\t\t\t\t\t\t\t\t<\/div>\n\t\t\t\t<\/div>\n\t\t\t\t<\/div>\n\t\t\t\t\t<\/div>\n\t\t\t\t<\/div>\n\t\t\t\t<\/div>\n\t\t","protected":false},"excerpt":{"rendered":"<p>Les activit\u00e9s du GEM Qi gong Avec ses mouvements doux et sa respiration consciente, le Qi gong apaise. Cette pratique permet de lib\u00e9rer les tensions, de retrouver un \u00e9quilibre int\u00e9rieur tout en cultivant un sentiment de calme et de bien-\u00eatre. Arts Plastiques \u00c0 travers la manipulation des formes, des mati\u00e8res et des couleurs, les Arts [&hellip;]<\/p>\n","protected":false},"author":1,"featured_media":0,"parent":0,"menu_order":0,"comment_status":"closed","ping_status":"closed","template":"","meta":{"footnotes":""},"class_list":["post-1347","page","type-page","status-publish","hentry"],"blocksy_meta":{"page_title_panel":"","has_hero_section":"disabled","97ee15f25a4197e406aa66b5a6e1cc4a":"","hero_section":"type-1","hero_elements":[{"id":"custom_title","enabled":true,"heading_tag":"h1","title":"Home"},{"id":"custom_description","enabled":true,"description_visibility":{"desktop":true,"tablet":true,"mobile":false}},{"id":"custom_meta","enabled":false,"meta_elements":[{"id":"author","enabled":true,"label":"By","has_author_avatar":"yes","avatar_size":25},{"id":"post_date","enabled":true,"label":"On","date_format_source":"default","date_format":"M j, Y"},{"id":"updated_date","enabled":false,"label":"On","date_format_source":"default","date_format":"M j, Y"},{"id":"categories","enabled":false,"label":"In","style":"simple"},{"id":"comments","enabled":true}],"page_meta_elements":{"joined":true,"articles_count":true,"comments":true}},{"id":"breadcrumbs","enabled":false}],"e383a482344f65eacb9516af82d8ed80":"","hero_alignment1":"CT_CSS_SKIP_RULE","hero_margin":40,"hero_alignment2":"center","hero_vertical_alignment":"center","aa7b568f8a77bfd0b9648c22ccb00685":"","hero_structure":"narrow","b4ba0b41affd6111d96beeceb6f9817f":"","page_title_bg_type":"featured_image","custom_hero_background":{"attachment_id":null},"page_title_image_size":"full","parallax":{"desktop":false,"tablet":false,"mobile":false},"14d5fc5fd9b9278b692d6150f1075e8a":"","hero_height":"250px","pageTitleFont":{"family":"Default","variation":"Default","size":"30px","line-height":"CT_CSS_SKIP_RULE","letter-spacing":"CT_CSS_SKIP_RULE","text-transform":"CT_CSS_SKIP_RULE","text-decoration":"CT_CSS_SKIP_RULE"},"pageTitleFontColor":{"default":{"color":"CT_CSS_SKIP_RULEDEFAULT"}},"pageMetaFont":{"family":"Default","variation":"n6","size":"12px","line-height":"1.3","letter-spacing":"CT_CSS_SKIP_RULE","text-transform":"uppercase","text-decoration":"CT_CSS_SKIP_RULE"},"pageMetaFontColor":{"default":{"color":"CT_CSS_SKIP_RULEDEFAULT"},"hover":{"color":"CT_CSS_SKIP_RULEDEFAULT"}},"page_meta_button_type_font_colors":{"default":{"color":"CT_CSS_SKIP_RULEDEFAULT"},"hover":{"color":"CT_CSS_SKIP_RULEDEFAULT"}},"page_meta_button_type_background_colors":{"default":{"color":"CT_CSS_SKIP_RULEDEFAULT"},"hover":{"color":"CT_CSS_SKIP_RULEDEFAULT"}},"pageExcerptFont":{"family":"Default","variation":"Default","size":"CT_CSS_SKIP_RULE","line-height":"CT_CSS_SKIP_RULE","letter-spacing":"CT_CSS_SKIP_RULE","text-transform":"CT_CSS_SKIP_RULE","text-decoration":"CT_CSS_SKIP_RULE"},"pageExcerptColor":{"default":{"color":"CT_CSS_SKIP_RULEDEFAULT"}},"breadcrumbsFont":{"family":"Default","variation":"Default","size":"CT_CSS_SKIP_RULE","line-height":"CT_CSS_SKIP_RULE","letter-spacing":"CT_CSS_SKIP_RULE","text-transform":"CT_CSS_SKIP_RULE","text-decoration":"CT_CSS_SKIP_RULE"},"breadcrumbsFontColor":{"default":{"color":"CT_CSS_SKIP_RULEDEFAULT"},"initial":{"color":"CT_CSS_SKIP_RULEDEFAULT"},"hover":{"color":"CT_CSS_SKIP_RULEDEFAULT"}},"pageTitleOverlay":{"background_type":"color","background_pattern":"type-1","background_image":{"attachment_id":null,"x":0,"y":0},"gradient":"linear-gradient(135deg,rgba(6,147,227,1) 0%,rgb(155,81,224) 100%)","background_repeat":"repeat","background_size":"auto","background_attachment":"scroll","patternColor":{"default":{"color":"#e5e7ea"}},"overlayColor":{"default":{"color":"CT_CSS_SKIP_RULE"}},"backgroundColor":{"default":{"color":"CT_CSS_SKIP_RULE"}}},"pageTitleBackground":{"background_type":"color","background_pattern":"type-1","background_image":{"attachment_id":null,"x":0,"y":0},"gradient":"linear-gradient(135deg,rgba(6,147,227,1) 0%,rgb(155,81,224) 100%)","background_repeat":"repeat","background_size":"auto","background_attachment":"scroll","patternColor":{"default":{"color":"#e5e7ea"}},"overlayColor":{"default":{"color":"CT_CSS_SKIP_RULE"}},"backgroundColor":{"default":{"color":"var(--theme-palette-color-6)"}}},"pageTitlePadding":{"top":"50px","bottom":"50px","left":"auto","right":"auto","linked":true},"202f0cbc398d714e048b39197ae71e6d":"","page_structure_type":"default","854bd40f7f8b4d7a95aa3e0f49708ea4":"","content_style_source":"inherit","content_style":"wide","vertical_spacing_source":"custom","content_area_spacing":"none","background":{"background_type":"color","background_pattern":"type-1","background_image":{"attachment_id":null,"x":0,"y":0},"gradient":"linear-gradient(135deg,rgba(6,147,227,1) 0%,rgb(155,81,224) 100%)","background_repeat":"repeat","background_size":"auto","background_attachment":"scroll","patternColor":{"default":{"color":"#e5e7ea"}},"overlayColor":{"default":{"color":"CT_CSS_SKIP_RULE"}},"backgroundColor":{"default":{"color":"CT_CSS_SKIP_RULE"}}},"content_background":{"background_type":"color","background_pattern":"type-1","background_image":{"attachment_id":null,"x":0,"y":0},"gradient":"linear-gradient(135deg,rgba(6,147,227,1) 0%,rgb(155,81,224) 100%)","background_repeat":"repeat","background_size":"auto","background_attachment":"scroll","patternColor":{"default":{"color":"#e5e7ea"}},"overlayColor":{"default":{"color":"CT_CSS_SKIP_RULE"}},"backgroundColor":{"default":{"color":"var(--theme-palette-color-8)"}}},"content_boxed_shadow":{"inherit":false,"blur":18,"spread":-6,"v_offset":12,"h_offset":0,"inset":false,"enable":true,"color":{"color":"rgba(34, 56, 101, 0.04)"}},"content_boxed_border":{"width":1,"style":"none","color":{"color":"rgba(44,62,80,0.2)"}},"content_boxed_radius":{"top":"3px","bottom":"3px","left":"3px","right":"3px","linked":true},"boxed_content_spacing":{"desktop":{"top":"40px","bottom":"40px","left":"40px","right":"40px","linked":true},"tablet":{"top":"35px","bottom":"35px","left":"35px","right":"35px","linked":true},"mobile":{"top":"20px","bottom":"20px","left":"20px","right":"20px","linked":true}},"b0da049bbc9a67cf3a03559f10c8de95":"","disable_featured_image":"no","disable_share_box":"no","disable_header":"no","disable_footer":"no","styles_descriptor":{"styles":{"desktop":"","tablet":"","mobile":""},"google_fonts":[],"version":6}},"_links":{"self":[{"href":"https:\/\/lesamisdupas.fr\/index.php?rest_route=\/wp\/v2\/pages\/1347","targetHints":{"allow":["GET"]}}],"collection":[{"href":"https:\/\/lesamisdupas.fr\/index.php?rest_route=\/wp\/v2\/pages"}],"about":[{"href":"https:\/\/lesamisdupas.fr\/index.php?rest_route=\/wp\/v2\/types\/page"}],"author":[{"embeddable":true,"href":"https:\/\/lesamisdupas.fr\/index.php?rest_route=\/wp\/v2\/users\/1"}],"replies":[{"embeddable":true,"href":"https:\/\/lesamisdupas.fr\/index.php?rest_route=%2Fwp%2Fv2%2Fcomments&post=1347"}],"version-history":[{"count":16,"href":"https:\/\/lesamisdupas.fr\/index.php?rest_route=\/wp\/v2\/pages\/1347\/revisions"}],"predecessor-version":[{"id":1668,"href":"https:\/\/lesamisdupas.fr\/index.php?rest_route=\/wp\/v2\/pages\/1347\/revisions\/1668"}],"wp:attachment":[{"href":"https:\/\/lesamisdupas.fr\/index.php?rest_route=%2Fwp%2Fv2%2Fmedia&parent=1347"}],"curies":[{"name":"wp","href":"https:\/\/api.w.org\/{rel}","templated":true}]}}